{"id":24,"date":"2024-05-28T14:42:52","date_gmt":"2024-05-28T17:42:52","guid":{"rendered":"https:\/\/reidassqueezes.com.br\/blog\/?page_id=24"},"modified":"2024-05-28T16:18:16","modified_gmt":"2024-05-28T19:18:16","slug":"home","status":"publish","type":"page","link":"https:\/\/reidassqueezes.com.br\/blog\/home\/","title":{"rendered":"HOME"},"content":{"rendered":"\t\t<div data-elementor-type=\"wp-page\" data-elementor-id=\"24\" class=\"elementor elementor-24\" data-elementor-post-type=\"page\">\n\t\t\t\t<div class=\"elementor-element elementor-element-5ace13a e-flex e-con-boxed e-con e-parent\" data-id=\"5ace13a\" data-element_type=\"container\">\n\t\t\t\t\t<div class=\"e-con-inner\">\n\t\t<div class=\"elementor-element elementor-element-9a8bd11 e-con-full e-flex e-con e-child\" data-id=\"9a8bd11\" data-element_type=\"container\">\n\t\t\t\t<div class=\"elementor-element elementor-element-3db5fce elementor-widget elementor-widget-image\" data-id=\"3db5fce\" data-element_type=\"widget\" data-widget_type=\"image.default\">\n\t\t\t\t<div class=\"elementor-widget-container\">\n\t\t\t<style>\/*! elementor - v3.21.0 - 26-05-2024 *\/\n.elementor-widget-image{text-align:center}.elementor-widget-image a{display:inline-block}.elementor-widget-image a img[src$=\".svg\"]{width:48px}.elementor-widget-image img{vertical-align:middle;display:inline-block}<\/style>\t\t\t\t\t\t\t\t\t\t<img decoding=\"async\" width=\"300\" height=\"113\" src=\"https:\/\/reidassqueezes.com.br\/blog\/wp-content\/uploads\/2024\/05\/000000000000000000000-300x113.png\" class=\"attachment-medium size-medium wp-image-44\" alt=\"\" srcset=\"https:\/\/reidassqueezes.com.br\/blog\/wp-content\/uploads\/2024\/05\/000000000000000000000-300x113.png 300w, https:\/\/reidassqueezes.com.br\/blog\/wp-content\/uploads\/2024\/05\/000000000000000000000.png 400w\" sizes=\"(max-width: 300px) 100vw, 300px\" \/>\t\t\t\t\t\t\t\t\t\t\t\t\t<\/div>\n\t\t\t\t<\/div>\n\t\t\t\t<\/div>\n\t\t<div class=\"elementor-element elementor-element-14e7b5a e-con-full e-flex e-con e-child\" data-id=\"14e7b5a\" data-element_type=\"container\">\n\t\t\t\t<\/div>\n\t\t<div class=\"elementor-element elementor-element-24e0275 e-con-full e-flex e-con e-child\" data-id=\"24e0275\" data-element_type=\"container\">\n\t\t\t\t<\/div>\n\t\t<div class=\"elementor-element elementor-element-0fc6a07 e-con-full e-flex e-con e-child\" data-id=\"0fc6a07\" data-element_type=\"container\">\n\t\t\t\t<\/div>\n\t\t<div class=\"elementor-element elementor-element-1b9ac66 e-con-full e-flex e-con e-child\" data-id=\"1b9ac66\" data-element_type=\"container\">\n\t\t\t\t<\/div>\n\t\t<div class=\"elementor-element elementor-element-8528872 e-con-full e-flex e-con e-child\" data-id=\"8528872\" data-element_type=\"container\">\n\t\t\t\t<\/div>\n\t\t\t\t\t<\/div>\n\t\t\t\t<\/div>\n\t\t<div class=\"elementor-element elementor-element-57da493 e-flex e-con-boxed e-con e-parent\" data-id=\"57da493\" data-element_type=\"container\">\n\t\t\t\t\t<div class=\"e-con-inner\">\n\t\t<div class=\"elementor-element elementor-element-8dde3a4 e-con-full e-flex e-con e-child\" data-id=\"8dde3a4\" data-element_type=\"container\">\n\t\t<div class=\"elementor-element elementor-element-9b0b46d e-flex e-con-boxed e-con e-child\" data-id=\"9b0b46d\" data-element_type=\"container\">\n\t\t\t\t\t<div class=\"e-con-inner\">\n\t\t\t\t<div class=\"elementor-element elementor-element-fd4c0a0 elementor-widget elementor-widget-heading\" data-id=\"fd4c0a0\" data-element_type=\"widget\" data-widget_type=\"heading.default\">\n\t\t\t\t<div class=\"elementor-widget-container\">\n\t\t\t<style>\/*! elementor - v3.21.0 - 26-05-2024 *\/\n.elementor-heading-title{padding:0;margin:0;line-height:1}.elementor-widget-heading .elementor-heading-title[class*=elementor-size-]>a{color:inherit;font-size:inherit;line-height:inherit}.elementor-widget-heading .elementor-heading-title.elementor-size-small{font-size:15px}.elementor-widget-heading .elementor-heading-title.elementor-size-medium{font-size:19px}.elementor-widget-heading .elementor-heading-title.elementor-size-large{font-size:29px}.elementor-widget-heading .elementor-heading-title.elementor-size-xl{font-size:39px}.elementor-widget-heading .elementor-heading-title.elementor-size-xxl{font-size:59px}<\/style><h2 class=\"elementor-heading-title elementor-size-default\">Nova t\u00e9cnica de impress\u00e3o por sublima\u00e7\u00e3o<\/h2>\t\t<\/div>\n\t\t\t\t<\/div>\n\t\t\t\t\t<\/div>\n\t\t\t\t<\/div>\n\t\t<div class=\"elementor-element elementor-element-a173e23 e-flex e-con-boxed e-con e-child\" data-id=\"a173e23\" data-element_type=\"container\">\n\t\t\t\t\t<div class=\"e-con-inner\">\n\t\t\t\t<div class=\"elementor-element elementor-element-efecd96 elementor-widget elementor-widget-text-editor\" data-id=\"efecd96\" data-element_type=\"widget\" data-widget_type=\"text-editor.default\">\n\t\t\t\t<div class=\"elementor-widget-container\">\n\t\t\t<style>\/*! elementor - v3.21.0 - 26-05-2024 *\/\n.elementor-widget-text-editor.elementor-drop-cap-view-stacked .elementor-drop-cap{background-color:#69727d;color:#fff}.elementor-widget-text-editor.elementor-drop-cap-view-framed .elementor-drop-cap{color:#69727d;border:3px solid;background-color:transparent}.elementor-widget-text-editor:not(.elementor-drop-cap-view-default) .elementor-drop-cap{margin-top:8px}.elementor-widget-text-editor:not(.elementor-drop-cap-view-default) .elementor-drop-cap-letter{width:1em;height:1em}.elementor-widget-text-editor .elementor-drop-cap{float:left;text-align:center;line-height:1;font-size:50px}.elementor-widget-text-editor .elementor-drop-cap-letter{display:inline-block}<\/style>\t\t\t\t<h2><strong><span style=\"color: #000000;\">Entenda o que \u00e9 sublima\u00e7\u00e3o e como a sublima\u00e7\u00e3o \u00e9 aplicada no ramo da personaliza\u00e7\u00e3o<\/span><\/strong><\/h2>\t\t\t\t\t\t<\/div>\n\t\t\t\t<\/div>\n\t\t\t\t\t<\/div>\n\t\t\t\t<\/div>\n\t\t\t\t<\/div>\n\t\t<div class=\"elementor-element elementor-element-0cd19da e-con-full e-flex e-con e-child\" data-id=\"0cd19da\" data-element_type=\"container\">\n\t\t<div class=\"elementor-element elementor-element-e0cfc4c e-flex e-con-boxed e-con e-child\" data-id=\"e0cfc4c\" data-element_type=\"container\">\n\t\t\t\t\t<div class=\"e-con-inner\">\n\t\t\t\t<div class=\"elementor-element elementor-element-1d4210a elementor-widget elementor-widget-image\" data-id=\"1d4210a\" data-element_type=\"widget\" data-widget_type=\"image.default\">\n\t\t\t\t<div class=\"elementor-widget-container\">\n\t\t\t\t\t\t\t\t\t\t\t\t\t<img fetchpriority=\"high\" decoding=\"async\" width=\"768\" height=\"394\" src=\"https:\/\/reidassqueezes.com.br\/blog\/wp-content\/uploads\/2024\/05\/artigo-impressora-sublimacao.webp\" class=\"attachment-large size-large wp-image-37\" alt=\"\" srcset=\"https:\/\/reidassqueezes.com.br\/blog\/wp-content\/uploads\/2024\/05\/artigo-impressora-sublimacao.webp 780w, https:\/\/reidassqueezes.com.br\/blog\/wp-content\/uploads\/2024\/05\/artigo-impressora-sublimacao-300x154.webp 300w, https:\/\/reidassqueezes.com.br\/blog\/wp-content\/uploads\/2024\/05\/artigo-impressora-sublimacao-768x394.webp 768w\" sizes=\"(max-width: 768px) 100vw, 768px\" \/>\t\t\t\t\t\t\t\t\t\t\t\t\t<\/div>\n\t\t\t\t<\/div>\n\t\t\t\t\t<\/div>\n\t\t\t\t<\/div>\n\t\t<div class=\"elementor-element elementor-element-01e561d e-flex e-con-boxed e-con e-child\" data-id=\"01e561d\" data-element_type=\"container\">\n\t\t\t\t\t<div class=\"e-con-inner\">\n\t\t\t\t<div class=\"elementor-element elementor-element-45f7cde elementor-widget elementor-widget-image\" data-id=\"45f7cde\" data-element_type=\"widget\" data-widget_type=\"image.default\">\n\t\t\t\t<div class=\"elementor-widget-container\">\n\t\t\t\t\t\t\t\t\t\t\t\t\t<img decoding=\"async\" width=\"768\" height=\"432\" src=\"https:\/\/reidassqueezes.com.br\/blog\/wp-content\/uploads\/2024\/05\/softwares-para-sublimacao-1-1024x576.webp\" class=\"attachment-large size-large wp-image-40\" alt=\"\" srcset=\"https:\/\/reidassqueezes.com.br\/blog\/wp-content\/uploads\/2024\/05\/softwares-para-sublimacao-1-1024x576.webp 1024w, https:\/\/reidassqueezes.com.br\/blog\/wp-content\/uploads\/2024\/05\/softwares-para-sublimacao-1-300x169.webp 300w, https:\/\/reidassqueezes.com.br\/blog\/wp-content\/uploads\/2024\/05\/softwares-para-sublimacao-1-768x432.webp 768w, https:\/\/reidassqueezes.com.br\/blog\/wp-content\/uploads\/2024\/05\/softwares-para-sublimacao-1-1536x864.webp 1536w, https:\/\/reidassqueezes.com.br\/blog\/wp-content\/uploads\/2024\/05\/softwares-para-sublimacao-1.webp 1600w\" sizes=\"(max-width: 768px) 100vw, 768px\" \/>\t\t\t\t\t\t\t\t\t\t\t\t\t<\/div>\n\t\t\t\t<\/div>\n\t\t\t\t\t<\/div>\n\t\t\t\t<\/div>\n\t\t\t\t<\/div>\n\t\t\t\t\t<\/div>\n\t\t\t\t<\/div>\n\t\t<div class=\"elementor-element elementor-element-d0973fb e-con-full e-flex e-con e-parent\" data-id=\"d0973fb\" data-element_type=\"container\">\n\t\t\t\t<\/div>\n\t\t\t\t<\/div>\n\t\t","protected":false},"excerpt":{"rendered":"<p>Nova t\u00e9cnica de impress\u00e3o por sublima\u00e7\u00e3o Entenda o que \u00e9 sublima\u00e7\u00e3o e como a sublima\u00e7\u00e3o \u00e9 aplicada no ramo da personaliza\u00e7\u00e3o<\/p>\n","protected":false},"author":1,"featured_media":0,"parent":0,"menu_order":0,"comment_status":"closed","ping_status":"closed","template":"elementor_canvas","meta":{"footnotes":""},"_links":{"self":[{"href":"https:\/\/reidassqueezes.com.br\/blog\/wp-json\/wp\/v2\/pages\/24"}],"collection":[{"href":"https:\/\/reidassqueezes.com.br\/blog\/wp-json\/wp\/v2\/pages"}],"about":[{"href":"https:\/\/reidassqueezes.com.br\/blog\/wp-json\/wp\/v2\/types\/page"}],"author":[{"embeddable":true,"href":"https:\/\/reidassqueezes.com.br\/blog\/wp-json\/wp\/v2\/users\/1"}],"replies":[{"embeddable":true,"href":"https:\/\/reidassqueezes.com.br\/blog\/wp-json\/wp\/v2\/comments?post=24"}],"version-history":[{"count":22,"href":"https:\/\/reidassqueezes.com.br\/blog\/wp-json\/wp\/v2\/pages\/24\/revisions"}],"predecessor-version":[{"id":55,"href":"https:\/\/reidassqueezes.com.br\/blog\/wp-json\/wp\/v2\/pages\/24\/revisions\/55"}],"wp:attachment":[{"href":"https:\/\/reidassqueezes.com.br\/blog\/wp-json\/wp\/v2\/media?parent=24"}],"curies":[{"name":"wp","href":"https:\/\/api.w.org\/{rel}","templated":true}]}}